{"id":58,"date":"2023-10-30T09:18:31","date_gmt":"2023-10-30T13:18:31","guid":{"rendered":"https:\/\/kan-kor.com\/?page_id=58"},"modified":"2023-11-17T15:27:11","modified_gmt":"2023-11-17T19:27:11","slug":"sobre-nosotros","status":"publish","type":"page","link":"https:\/\/kan-kor.com\/index.php\/sobre-nosotros\/","title":{"rendered":"Sobre Nosotros"},"content":{"rendered":"\n\n\t\t\t\t<img loading=\"lazy\" decoding=\"async\" src=\"https:\/\/kan-kor.com\/wp-content\/uploads\/2023\/11\/banners_Mesa-de-trabajo-1.jpg\" alt=\"banners_Mesa de trabajo 1\" itemprop=\"image\" height=\"901\" width=\"2561\" title=\"banners_Mesa de trabajo 1\" onerror=\"this.style.display='none'\"  \/>\n\t\t\t\t<img loading=\"lazy\" decoding=\"async\" src=\"https:\/\/kan-kor.com\/wp-content\/uploads\/2023\/11\/banners-04-1.png\" alt=\"banners-04\" itemprop=\"image\" height=\"389\" width=\"2572\" title=\"banners-04\" onerror=\"this.style.display='none'\"  \/>\n\t<p>La principal responsabilidad de Kankor Corporaci\u00f3n es satisfacer las necesidades en diferentes sectores como agricultura, miner\u00eda, medicina, industria, metalurgia, construcci\u00f3n y otros, a trav\u00e9s de la provisi\u00f3n de cal y sus derivados, consolid\u00e1ndose as\u00ed como una empresa en crecimiento en el mercado venezolano.<\/p>\n\t\t\t\t<img loading=\"lazy\" decoding=\"async\" src=\"https:\/\/kan-kor.com\/wp-content\/uploads\/2023\/11\/banners-05-1.png\" alt=\"banners-05\" itemprop=\"image\" height=\"389\" width=\"2572\" title=\"banners-05\" onerror=\"this.style.display='none'\"  \/>\n\t<p>Nuestra misi\u00f3n es convertirnos en la empresa l\u00edder en la explotaci\u00f3n, procesamiento, distribuci\u00f3n y comercializaci\u00f3n de cal, con el prop\u00f3sito de satisfacer las demandas y preferencias de los sectores agr\u00edcola, minero, medicina, industrial, metal\u00fargico y de la construcci\u00f3n, superando sus expectativas mediante la innovaci\u00f3n, calidad y excelente servicio. Adem\u00e1s, nos enfocamos en generar oportunidades de desarrollo profesional y personal.<\/p>\n\t\t\t\t<img loading=\"lazy\" decoding=\"async\" src=\"https:\/\/kan-kor.com\/wp-content\/uploads\/2023\/11\/banners-06-1-1.png\" alt=\"banners-06-1\" itemprop=\"image\" height=\"388\" width=\"2571\" title=\"banners-06-1\" onerror=\"this.style.display='none'\"  \/>\n\t<p>Nos proyectamos como una organizaci\u00f3n competitiva y reconocida a nivel nacional e internacional, destac\u00e1ndonos por nuestro desarrollo en el proceso de cal y sus derivados, ofreciendo soluciones que superen las expectativas de los consumidores y clientes en diversos mercados.<\/p>\n\n","protected":false},"excerpt":{"rendered":"<p>La principal responsabilidad de Kankor Corporaci\u00f3n es satisfacer las necesidades en diferentes sectores como agricultura, miner\u00eda, medicina, industria, metalurgia, construcci\u00f3n y otros, a trav\u00e9s de la provisi\u00f3n de cal y sus derivados, consolid\u00e1ndose as\u00ed como una empresa en crecimiento en el mercado venezolano. Nuestra misi\u00f3n es convertirnos en la empresa l\u00edder en la explotaci\u00f3n, procesamiento, &hellip;<\/p>\n<p class=\"read-more\"> <a class=\"\" href=\"https:\/\/kan-kor.com\/index.php\/sobre-nosotros\/\"> <span class=\"screen-reader-text\">Sobre Nosotros<\/span> Leer m\u00e1s &raquo;<\/a><\/p>\n","protected":false},"author":1,"featured_media":0,"parent":0,"menu_order":2,"comment_status":"closed","ping_status":"closed","template":"","meta":{"site-sidebar-layout":"no-sidebar","site-content-layout":"","ast-site-content-layout":"full-width-container","site-content-style":"unboxed","site-sidebar-style":"unboxed","ast-global-header-display":"disabled","ast-banner-title-visibility":"disabled","ast-main-header-display":"","ast-hfb-above-header-display":"","ast-hfb-below-header-display":"","ast-hfb-mobile-header-display":"","site-post-title":"","ast-breadcrumbs-content":"","ast-featured-img":"","footer-sml-layout":"disabled","theme-transparent-header-meta":"","adv-header-id-meta":"","stick-header-meta":"","header-above-stick-meta":"","header-main-stick-meta":"","header-below-stick-meta":"","astra-migrate-meta-layouts":"","ast-page-background-enabled":"default","ast-page-background-meta":{"desktop":{"background-color":"var(--ast-global-color-4)","background-image":"","background-repeat":"repeat","background-position":"center center","background-size":"auto","background-attachment":"scroll","background-type":"","background-media":"","overlay-type":"","overlay-color":"","overlay-gradient":""},"tablet":{"background-color":"","background-image":"","background-repeat":"repeat","background-position":"center center","background-size":"auto","background-attachment":"scroll","background-type":"","background-media":"","overlay-type":"","overlay-color":"","overlay-gradient":""},"mobile":{"background-color":"","background-image":"","background-repeat":"repeat","background-position":"center center","background-size":"auto","background-attachment":"scroll","background-type":"","background-media":"","overlay-type":"","overlay-color":"","overlay-gradient":""}},"ast-content-background-meta":{"desktop":{"background-color":"var(--ast-global-color-5)","background-image":"","background-repeat":"repeat","background-position":"center center","background-size":"auto","background-attachment":"scroll","background-type":"","background-media":"","overlay-type":"","overlay-color":"","overlay-gradient":""},"tablet":{"background-color":"var(--ast-global-color-5)","background-image":"","background-repeat":"repeat","background-position":"center center","background-size":"auto","background-attachment":"scroll","background-type":"","background-media":"","overlay-type":"","overlay-color":"","overlay-gradient":""},"mobile":{"background-color":"var(--ast-global-color-5)","background-image":"","background-repeat":"repeat","background-position":"center center","background-size":"auto","background-attachment":"scroll","background-type":"","background-media":"","overlay-type":"","overlay-color":"","overlay-gradient":""}},"footnotes":""},"_links":{"self":[{"href":"https:\/\/kan-kor.com\/index.php\/wp-json\/wp\/v2\/pages\/58"}],"collection":[{"href":"https:\/\/kan-kor.com\/index.php\/wp-json\/wp\/v2\/pages"}],"about":[{"href":"https:\/\/kan-kor.com\/index.php\/wp-json\/wp\/v2\/types\/page"}],"author":[{"embeddable":true,"href":"https:\/\/kan-kor.com\/index.php\/wp-json\/wp\/v2\/users\/1"}],"replies":[{"embeddable":true,"href":"https:\/\/kan-kor.com\/index.php\/wp-json\/wp\/v2\/comments?post=58"}],"version-history":[{"count":17,"href":"https:\/\/kan-kor.com\/index.php\/wp-json\/wp\/v2\/pages\/58\/revisions"}],"predecessor-version":[{"id":171,"href":"https:\/\/kan-kor.com\/index.php\/wp-json\/wp\/v2\/pages\/58\/revisions\/171"}],"wp:attachment":[{"href":"https:\/\/kan-kor.com\/index.php\/wp-json\/wp\/v2\/media?parent=58"}],"curies":[{"name":"wp","href":"https:\/\/api.w.org\/{rel}","templated":true}]}}